{"id":579,"date":"2025-07-02T15:23:31","date_gmt":"2025-07-02T15:23:31","guid":{"rendered":"https:\/\/magenta-hedgehog-601227.hostingersite.com\/?page_id=579"},"modified":"2025-07-02T15:35:30","modified_gmt":"2025-07-02T15:35:30","slug":"politica-de-cookies","status":"publish","type":"page","link":"https:\/\/fotografiaprofesionalmadrid.com\/en\/politica-de-cookies\/","title":{"rendered":"Cookies Policy"},"content":{"rendered":"<p>This Cookie Policy explains what cookies are and how we use them. We recommend that you read it to understand what type of cookies we use, what information we collect and how we use it, and how you can manage your preferences.<\/p>\n\n\n\n<p>For more information on how we treat, store and protect your personal data, please see our <a class=\"\" href=\"#\">Privacy Policy<\/a>.<\/p>\n\n\n\n<p>At any time you can change or withdraw your consent from the Cookie Statement on our website.<\/p>\n\n\n\n<p>For more details about who we are, how you can contact us and how we process your personal data, please refer to the Privacy Policy.<\/p>\n\n\n\n<p><strong>Your consent applies to the following domain: <a class=\"\" href=\"https:\/\/fotografiaprofesionalmadrid.com\/en\/\">https:\/\/fotografiaprofesionalmadrid.com<\/a><\/strong><br><strong>Current status: Consent accepted.<\/strong><\/p>\n\n\n\n<hr class=\"wp-block-separator has-alpha-channel-opacity\"\/>\n\n\n\n<h3 class=\"wp-block-heading\">What are cookies?<\/h3>\n\n\n\n<p>Cookies are small text files that are stored on your device when you visit a website. Their function is to store information about your visit, allowing us to remember your preferences and facilitate a smoother and more personalized browsing experience on future visits.<\/p>\n\n\n\n<hr class=\"wp-block-separator has-alpha-channel-opacity\"\/>\n\n\n\n<h3 class=\"wp-block-heading\">How do we use cookies?<\/h3>\n\n\n\n<p>Like most websites, we use our own and third-party cookies for a variety of purposes:<\/p>\n\n\n\n<ul class=\"wp-block-list\">\n<li><strong>Own Cookies<\/strong>They are essential for the proper functioning of the site. They do not collect personally identifiable data.<\/li>\n\n\n\n<li><strong>Third party cookies<\/strong>: They allow us to analyze site usage, improve performance, display customized advertising, and facilitate faster interactions tailored to your interests.<\/li>\n<\/ul>\n\n\n\n<hr class=\"wp-block-separator has-alpha-channel-opacity\"\/>\n\n\n\n<h3 class=\"wp-block-heading\">Types of cookies we use<\/h3>\n\n\n\n<p><strong>1. Essentials<\/strong><br>These cookies are essential for the website to function properly. They enable basic functions such as login, secure browsing or form management. They do not collect personal information.<\/p>\n\n\n\n<p><strong>2. Statistics (analytics)<\/strong><br>They collect data such as the number of visitors, page views, time on site or the source of traffic. They help us understand how the site is being used and where we can improve.<\/p>\n\n\n\n<p><strong>3. Marketing<\/strong><br>These cookies are used to customize the ads displayed on the site and measure their effectiveness. They may also be used by third parties to show you advertising on other sites you visit.<\/p>\n\n\n\n<p><strong>4. Functional<\/strong><br>They enable additional features such as the integration of videos, maps or social sharing buttons. They are not essential, but they improve your user experience.<\/p>\n\n\n\n<p><strong>5. Preferences<\/strong><br>They save your custom settings, such as language or region, so you don't have to select them each time you visit the site.<\/p>\n\n\n\n<hr class=\"wp-block-separator has-alpha-channel-opacity\"\/>\n\n\n\n<h3 class=\"wp-block-heading\">How can you change your preferences?<\/h3>\n\n\n\n<p>You can change your cookie preferences at any time by clicking on the \"Privacy and Cookie Policy\" notice on the website. From there you can enable or disable the categories of cookies according to your choice, or withdraw your consent.<\/p>\n\n\n\n<p>In addition, you can change your browser settings to block or delete cookies. See the following pages for more information:<\/p>\n\n\n\n<ul class=\"wp-block-list\">\n<li><a class=\"\" href=\"https:\/\/www.allaboutcookies.org\">www.allaboutcookies.org<\/a><\/li>\n\n\n\n<li><a class=\"\" href=\"https:\/\/es.wikipedia.org\/wiki\/Cookie_(inform%C3%A1tica)\">Wikipedia - Cookies<\/a><\/li>\n<\/ul>","protected":false},"excerpt":{"rendered":"<p>This Cookie Policy explains what cookies are and how we use them. We recommend that you read it to understand what kind of [...]<\/p>","protected":false},"author":1,"featured_media":0,"parent":0,"menu_order":0,"comment_status":"closed","ping_status":"closed","template":"","meta":{"_uag_custom_page_level_css":"","site-sidebar-layout":"default","site-content-layout":"","ast-site-content-layout":"default","site-content-style":"default","site-sidebar-style":"default","ast-global-header-display":"","ast-banner-title-visibility":"","ast-main-header-display":"","ast-hfb-above-header-display":"","ast-hfb-below-header-display":"","ast-hfb-mobile-header-display":"","site-post-title":"","ast-breadcrumbs-content":"","ast-featured-img":"","footer-sml-layout":"","theme-transparent-header-meta":"","adv-header-id-meta":"","stick-header-meta":"","header-above-stick-meta":"","header-main-stick-meta":"","header-below-stick-meta":"","astra-migrate-meta-layouts":"default","ast-page-background-enabled":"default","ast-page-background-meta":{"desktop":{"background-color":"var(--ast-global-color-4)","background-image":"","background-repeat":"repeat","background-position":"center center","background-size":"auto","background-attachment":"scroll","background-type":"","background-media":"","overlay-type":"","overlay-color":"","overlay-opacity":"","overlay-gradient":""},"tablet":{"background-color":"","background-image":"","background-repeat":"repeat","background-position":"center center","background-size":"auto","background-attachment":"scroll","background-type":"","background-media":"","overlay-type":"","overlay-color":"","overlay-opacity":"","overlay-gradient":""},"mobile":{"background-color":"","background-image":"","background-repeat":"repeat","background-position":"center center","background-size":"auto","background-attachment":"scroll","background-type":"","background-media":"","overlay-type":"","overlay-color":"","overlay-opacity":"","overlay-gradient":""}},"ast-content-background-meta":{"desktop":{"background-color":"var(--ast-global-color-5)","background-image":"","background-repeat":"repeat","background-position":"center center","background-size":"auto","background-attachment":"scroll","background-type":"","background-media":"","overlay-type":"","overlay-color":"","overlay-opacity":"","overlay-gradient":""},"tablet":{"background-color":"var(--ast-global-color-5)","background-image":"","background-repeat":"repeat","background-position":"center center","background-size":"auto","background-attachment":"scroll","background-type":"","background-media":"","overlay-type":"","overlay-color":"","overlay-opacity":"","overlay-gradient":""},"mobile":{"background-color":"var(--ast-global-color-5)","background-image":"","background-repeat":"repeat","background-position":"center center","background-size":"auto","background-attachment":"scroll","background-type":"","background-media":"","overlay-type":"","overlay-color":"","overlay-opacity":"","overlay-gradient":""}},"footnotes":""},"class_list":["post-579","page","type-page","status-publish","hentry"],"yoast_head":"<!-- This site is optimized with the Yoast SEO plugin v26.1.1 - https:\/\/yoast.com\/wordpress\/plugins\/seo\/ -->\n<title>Pol\u00edtica de Cookies - Fotograf\u00eda Profesional Madrid<\/title>\n<meta name=\"robots\" content=\"index, follow, max-snippet:-1, max-image-preview:large, max-video-preview:-1\" \/>\n<link rel=\"canonical\" href=\"https:\/\/fotografiaprofesionalmadrid.com\/en\/politica-de-cookies\/\" \/>\n<meta property=\"og:locale\" content=\"en_US\" \/>\n<meta property=\"og:type\" content=\"article\" \/>\n<meta property=\"og:title\" content=\"Pol\u00edtica de Cookies - Fotograf\u00eda Profesional Madrid\" \/>\n<meta property=\"og:description\" content=\"Esta Pol\u00edtica de Cookies explica qu\u00e9 son las cookies y c\u00f3mo las usamos. Le recomendamos leerla para entender qu\u00e9 tipo [&hellip;]\" \/>\n<meta property=\"og:url\" content=\"https:\/\/fotografiaprofesionalmadrid.com\/en\/politica-de-cookies\/\" \/>\n<meta property=\"og:site_name\" content=\"Fotograf\u00eda Profesional Madrid\" \/>\n<meta property=\"article:modified_time\" content=\"2025-07-02T15:35:30+00:00\" \/>\n<meta name=\"twitter:card\" content=\"summary_large_image\" \/>\n<meta name=\"twitter:label1\" content=\"Est. reading time\" \/>\n\t<meta name=\"twitter:data1\" content=\"3 minutes\" \/>\n<script type=\"application\/ld+json\" class=\"yoast-schema-graph\">{\"@context\":\"https:\/\/schema.org\",\"@graph\":[{\"@type\":\"WebPage\",\"@id\":\"https:\/\/fotografiaprofesionalmadrid.com\/en\/politica-de-cookies\/\",\"url\":\"https:\/\/fotografiaprofesionalmadrid.com\/en\/politica-de-cookies\/\",\"name\":\"Pol\u00edtica de Cookies - Fotograf\u00eda Profesional Madrid\",\"isPartOf\":{\"@id\":\"https:\/\/fotografiaprofesionalmadrid.com\/#website\"},\"datePublished\":\"2025-07-02T15:23:31+00:00\",\"dateModified\":\"2025-07-02T15:35:30+00:00\",\"breadcrumb\":{\"@id\":\"https:\/\/fotografiaprofesionalmadrid.com\/en\/politica-de-cookies\/#breadcrumb\"},\"inLanguage\":\"en-US\",\"potentialAction\":[{\"@type\":\"ReadAction\",\"target\":[\"https:\/\/fotografiaprofesionalmadrid.com\/en\/politica-de-cookies\/\"]}]},{\"@type\":\"BreadcrumbList\",\"@id\":\"https:\/\/fotografiaprofesionalmadrid.com\/en\/politica-de-cookies\/#breadcrumb\",\"itemListElement\":[{\"@type\":\"ListItem\",\"position\":1,\"name\":\"Portada\",\"item\":\"https:\/\/fotografiaprofesionalmadrid.com\/\"},{\"@type\":\"ListItem\",\"position\":2,\"name\":\"Pol\u00edtica de Cookies\"}]},{\"@type\":\"WebSite\",\"@id\":\"https:\/\/fotografiaprofesionalmadrid.com\/#website\",\"url\":\"https:\/\/fotografiaprofesionalmadrid.com\/\",\"name\":\"Fotograf\u00eda Profesional Madrid\",\"description\":\"\",\"potentialAction\":[{\"@type\":\"SearchAction\",\"target\":{\"@type\":\"EntryPoint\",\"urlTemplate\":\"https:\/\/fotografiaprofesionalmadrid.com\/?s={search_term_string}\"},\"query-input\":{\"@type\":\"PropertyValueSpecification\",\"valueRequired\":true,\"valueName\":\"search_term_string\"}}],\"inLanguage\":\"en-US\"}]}<\/script>\n<!-- \/ Yoast SEO plugin. -->","yoast_head_json":{"title":"Pol\u00edtica de Cookies - Fotograf\u00eda Profesional Madrid","robots":{"index":"index","follow":"follow","max-snippet":"max-snippet:-1","max-image-preview":"max-image-preview:large","max-video-preview":"max-video-preview:-1"},"canonical":"https:\/\/fotografiaprofesionalmadrid.com\/en\/politica-de-cookies\/","og_locale":"en_US","og_type":"article","og_title":"Pol\u00edtica de Cookies - Fotograf\u00eda Profesional Madrid","og_description":"Esta Pol\u00edtica de Cookies explica qu\u00e9 son las cookies y c\u00f3mo las usamos. Le recomendamos leerla para entender qu\u00e9 tipo [&hellip;]","og_url":"https:\/\/fotografiaprofesionalmadrid.com\/en\/politica-de-cookies\/","og_site_name":"Fotograf\u00eda Profesional Madrid","article_modified_time":"2025-07-02T15:35:30+00:00","twitter_card":"summary_large_image","twitter_misc":{"Est. reading time":"3 minutes"},"schema":{"@context":"https:\/\/schema.org","@graph":[{"@type":"WebPage","@id":"https:\/\/fotografiaprofesionalmadrid.com\/en\/politica-de-cookies\/","url":"https:\/\/fotografiaprofesionalmadrid.com\/en\/politica-de-cookies\/","name":"Pol\u00edtica de Cookies - Fotograf\u00eda Profesional Madrid","isPartOf":{"@id":"https:\/\/fotografiaprofesionalmadrid.com\/#website"},"datePublished":"2025-07-02T15:23:31+00:00","dateModified":"2025-07-02T15:35:30+00:00","breadcrumb":{"@id":"https:\/\/fotografiaprofesionalmadrid.com\/en\/politica-de-cookies\/#breadcrumb"},"inLanguage":"en-US","potentialAction":[{"@type":"ReadAction","target":["https:\/\/fotografiaprofesionalmadrid.com\/en\/politica-de-cookies\/"]}]},{"@type":"BreadcrumbList","@id":"https:\/\/fotografiaprofesionalmadrid.com\/en\/politica-de-cookies\/#breadcrumb","itemListElement":[{"@type":"ListItem","position":1,"name":"Portada","item":"https:\/\/fotografiaprofesionalmadrid.com\/"},{"@type":"ListItem","position":2,"name":"Pol\u00edtica de Cookies"}]},{"@type":"WebSite","@id":"https:\/\/fotografiaprofesionalmadrid.com\/#website","url":"https:\/\/fotografiaprofesionalmadrid.com\/","name":"Professional Photography Madrid","description":"","potentialAction":[{"@type":"SearchAction","target":{"@type":"EntryPoint","urlTemplate":"https:\/\/fotografiaprofesionalmadrid.com\/?s={search_term_string}"},"query-input":{"@type":"PropertyValueSpecification","valueRequired":true,"valueName":"search_term_string"}}],"inLanguage":"en-US"}]}},"uagb_featured_image_src":{"full":false,"thumbnail":false,"medium":false,"medium_large":false,"large":false,"1536x1536":false,"2048x2048":false,"trp-custom-language-flag":false},"uagb_author_info":{"display_name":"Paula Galindo Valle 71664907N","author_link":"https:\/\/fotografiaprofesionalmadrid.com\/en\/author\/gestionbiskitagencia-com\/"},"uagb_comment_info":0,"uagb_excerpt":"Esta Pol\u00edtica de Cookies explica qu\u00e9 son las cookies y c\u00f3mo las usamos. Le recomendamos leerla para entender qu\u00e9 tipo [&hellip;]","_links":{"self":[{"href":"https:\/\/fotografiaprofesionalmadrid.com\/en\/wp-json\/wp\/v2\/pages\/579","targetHints":{"allow":["GET"]}}],"collection":[{"href":"https:\/\/fotografiaprofesionalmadrid.com\/en\/wp-json\/wp\/v2\/pages"}],"about":[{"href":"https:\/\/fotografiaprofesionalmadrid.com\/en\/wp-json\/wp\/v2\/types\/page"}],"author":[{"embeddable":true,"href":"https:\/\/fotografiaprofesionalmadrid.com\/en\/wp-json\/wp\/v2\/users\/1"}],"replies":[{"embeddable":true,"href":"https:\/\/fotografiaprofesionalmadrid.com\/en\/wp-json\/wp\/v2\/comments?post=579"}],"version-history":[{"count":2,"href":"https:\/\/fotografiaprofesionalmadrid.com\/en\/wp-json\/wp\/v2\/pages\/579\/revisions"}],"predecessor-version":[{"id":607,"href":"https:\/\/fotografiaprofesionalmadrid.com\/en\/wp-json\/wp\/v2\/pages\/579\/revisions\/607"}],"wp:attachment":[{"href":"https:\/\/fotografiaprofesionalmadrid.com\/en\/wp-json\/wp\/v2\/media?parent=579"}],"curies":[{"name":"wp","href":"https:\/\/api.w.org\/{rel}","templated":true}]}}