{"id":577,"date":"2025-07-02T15:23:11","date_gmt":"2025-07-02T15:23:11","guid":{"rendered":"https:\/\/magenta-hedgehog-601227.hostingersite.com\/?page_id=577"},"modified":"2025-07-02T15:34:17","modified_gmt":"2025-07-02T15:34:17","slug":"politica-de-privacidad","status":"publish","type":"page","link":"https:\/\/fotografiaprofesionalmadrid.com\/en\/politica-de-privacidad\/","title":{"rendered":"Privacy Policy"},"content":{"rendered":"<p>This Privacy Policy regulates the processing and protection of personal data of users and customers that may be collected by browsing or contracting services through the site. <a class=\"\" href=\"https:\/\/fotografiaprofesionalmadrid.com\/en\/\">https:\/\/fotografiaprofesionalmadrid.com<\/a>.<\/p>\n\n\n\n<p>The Holder guarantees compliance with current legislation on personal data protection: the Organic Law 3\/2018 of December 5 (LOPDGDD), and Regulation (EU) 2016\/679 of the European Parliament and of the Council of 27 April 2016 (RGPD).<\/p>\n\n\n\n<p>The use of the Web site implies the acceptance of this Privacy Policy, as well as the conditions included in the Legal Notice.<\/p>\n\n\n\n<hr class=\"wp-block-separator has-alpha-channel-opacity\"\/>\n\n\n\n<h3 class=\"wp-block-heading\">Identity of the responsible party<\/h3>\n\n\n\n<p><strong>Headline:<\/strong> Paula Galindo Valle<br><strong>TAX ID:<\/strong> 71664907N<br><strong>E-mail:<\/strong> <a>info@fotografiaprofesionalmadrid.com<\/a><br><strong>Web site:<\/strong> <a class=\"\" href=\"https:\/\/fotografiaprofesionalmadrid.com\/en\/\">https:\/\/fotografiaprofesionalmadrid.com<\/a><\/p>\n\n\n\n<hr class=\"wp-block-separator has-alpha-channel-opacity\"\/>\n\n\n\n<h3 class=\"wp-block-heading\">Principles applied in data processing<\/h3>\n\n\n\n<p>The Data Controller shall apply the following principles in accordance with the GDPR:<\/p>\n\n\n\n<ul class=\"wp-block-list\">\n<li><strong>Loyalty, loyalty and transparency:<\/strong> Data will only be requested with clear and informed consent.<\/li>\n\n\n\n<li><strong>Data minimization:<\/strong> Only strictly necessary data is collected.<\/li>\n\n\n\n<li><strong>Limitation of the conservation period:<\/strong> They will be kept only for the essential time.<\/li>\n\n\n\n<li><strong>Integrity and confidentiality:<\/strong> Data security, confidentiality and integrity are guaranteed.<\/li>\n<\/ul>\n\n\n\n<hr class=\"wp-block-separator has-alpha-channel-opacity\"\/>\n\n\n\n<h3 class=\"wp-block-heading\">Collection of personal data<\/h3>\n\n\n\n<p>It is not necessary to provide personal data to browse the site. The cases in which they are collected are:<\/p>\n\n\n\n<ul class=\"wp-block-list\">\n<li>When contacting through forms or e-mail.<\/li>\n\n\n\n<li>When commenting on articles or pages.<\/li>\n\n\n\n<li>By subscribing to newsletters managed, for example, through tools such as Mailchimp.<\/li>\n<\/ul>\n\n\n\n<hr class=\"wp-block-separator has-alpha-channel-opacity\"\/>\n\n\n\n<h3 class=\"wp-block-heading\">User's rights<\/h3>\n\n\n\n<p>You can exercise your rights of:<\/p>\n\n\n\n<ul class=\"wp-block-list\">\n<li>Access<\/li>\n\n\n\n<li>Correction<\/li>\n\n\n\n<li>Cancellation<\/li>\n\n\n\n<li>Treatment limitation<\/li>\n\n\n\n<li>Opposition<\/li>\n\n\n\n<li>Portability<\/li>\n<\/ul>\n\n\n\n<p>To do so, you must send an email to <strong><a>info@fotografiaprofesionalmadrid.com<\/a><\/strong>accompanied by a valid copy of your ID card or other supporting document.<\/p>\n\n\n\n<p>You can also file a complaint with the <strong>Spanish Data Protection Agency<\/strong> if you consider that the processing of your data infringes the regulations.<\/p>\n\n\n\n<hr class=\"wp-block-separator has-alpha-channel-opacity\"\/>\n\n\n\n<h3 class=\"wp-block-heading\">Purpose of treatment<\/h3>\n\n\n\n<p>The processing of personal data has the following purposes:<\/p>\n\n\n\n<ul class=\"wp-block-list\">\n<li>Respond to inquiries sent through the contact forms.<\/li>\n\n\n\n<li>Send newsletters and promotional communications, if you have subscribed.<\/li>\n\n\n\n<li>Comply with legal obligations.<\/li>\n\n\n\n<li>Improve the services and contents of the site.<\/li>\n\n\n\n<li>Analyze browsing through cookies (see Cookies Policy).<\/li>\n\n\n\n<li>Manage the social networks associated with the site.<\/li>\n<\/ul>\n\n\n\n<hr class=\"wp-block-separator has-alpha-channel-opacity\"\/>\n\n\n\n<h3 class=\"wp-block-heading\">Data security<\/h3>\n\n\n\n<p>The site is hosted at <strong>Arsys<\/strong>a provider that adopts appropriate security measures. In addition, the Data Controller applies best practices to protect your data from unauthorized access or misuse.<\/p>\n\n\n\n<hr class=\"wp-block-separator has-alpha-channel-opacity\"\/>\n\n\n\n<h3 class=\"wp-block-heading\">Third party content<\/h3>\n\n\n\n<p>Site pages may include embedded content (such as videos, articles, etc.) that behaves in the same way as if the user had visited the original website directly. These sites may collect your data in accordance with their own privacy policies.<\/p>\n\n\n\n<hr class=\"wp-block-separator has-alpha-channel-opacity\"\/>\n\n\n\n<h3 class=\"wp-block-heading\">Cookies<\/h3>\n\n\n\n<p>This site uses cookies necessary for its proper functioning. You can find more information on the page <a class=\"\" href=\"#\">Cookies Policy<\/a>.<\/p>\n\n\n\n<hr class=\"wp-block-separator has-alpha-channel-opacity\"\/>\n\n\n\n<h3 class=\"wp-block-heading\">Legitimation<\/h3>\n\n\n\n<p>The legal basis for the treatment of your data is the <strong>consent<\/strong>. You need to accept it to submit forms, comment or subscribe.<\/p>\n\n\n\n<hr class=\"wp-block-separator has-alpha-channel-opacity\"\/>\n\n\n\n<h3 class=\"wp-block-heading\">Data categories<\/h3>\n\n\n\n<p>The personal data that may be collected are:<\/p>\n\n\n\n<ul class=\"wp-block-list\">\n<li>Identification data: name, e-mail, telephone, etc.<\/li>\n<\/ul>\n\n\n\n<hr class=\"wp-block-separator has-alpha-channel-opacity\"\/>\n\n\n\n<h3 class=\"wp-block-heading\">Data Retention<\/h3>\n\n\n\n<p>The data provided will be kept until you request its deletion.<\/p>\n\n\n\n<hr class=\"wp-block-separator has-alpha-channel-opacity\"\/>\n\n\n\n<h3 class=\"wp-block-heading\">Web browsing<\/h3>\n\n\n\n<p>The site may collect non-identifying information such as:<\/p>\n\n\n\n<ul class=\"wp-block-list\">\n<li>IP Address<\/li>\n\n\n\n<li>Approximate location<\/li>\n\n\n\n<li>Details on browsing habits<\/li>\n<\/ul>\n\n\n\n<p>And you can use tools such as:<\/p>\n\n\n\n<ul class=\"wp-block-list\">\n<li>Google Analytics<\/li>\n\n\n\n<li>DoubleClick by Google<\/li>\n<\/ul>\n\n\n\n<hr class=\"wp-block-separator has-alpha-channel-opacity\"\/>\n\n\n\n<h3 class=\"wp-block-heading\">Accuracy of data<\/h3>\n\n\n\n<p>You are responsible for ensuring that the data provided is correct, complete and up to date.<\/p>\n\n\n\n<hr class=\"wp-block-separator has-alpha-channel-opacity\"\/>\n\n\n\n<h3 class=\"wp-block-heading\">Acceptance and consent<\/h3>\n\n\n\n<p>By using this website you declare that you have read and accepted this Privacy Policy, authorizing the processing of your data in the terms set forth herein.<\/p>\n\n\n\n<hr class=\"wp-block-separator has-alpha-channel-opacity\"\/>\n\n\n\n<h3 class=\"wp-block-heading\">Revocability<\/h3>\n\n\n\n<p>You can revoke your consent at any time by sending an email to <strong><a>info@fotografiaprofesionalmadrid.com<\/a><\/strong> along with valid proof of identity.<\/p>\n\n\n\n<hr class=\"wp-block-separator has-alpha-channel-opacity\"\/>\n\n\n\n<h3 class=\"wp-block-heading\">Changes in the Privacy Policy<\/h3>\n\n\n\n<p>The Owner reserves the right to modify this policy to adapt it to new legislative or technical developments. The modifications will be duly published on this page.<\/p>","protected":false},"excerpt":{"rendered":"<p>This Privacy Policy regulates the treatment and protection of the personal data of users and clients that [...]<\/p>","protected":false},"author":1,"featured_media":0,"parent":0,"menu_order":0,"comment_status":"closed","ping_status":"closed","template":"","meta":{"_uag_custom_page_level_css":"","site-sidebar-layout":"default","site-content-layout":"","ast-site-content-layout":"default","site-content-style":"default","site-sidebar-style":"default","ast-global-header-display":"","ast-banner-title-visibility":"","ast-main-header-display":"","ast-hfb-above-header-display":"","ast-hfb-below-header-display":"","ast-hfb-mobile-header-display":"","site-post-title":"","ast-breadcrumbs-content":"","ast-featured-img":"","footer-sml-layout":"","theme-transparent-header-meta":"","adv-header-id-meta":"","stick-header-meta":"","header-above-stick-meta":"","header-main-stick-meta":"","header-below-stick-meta":"","astra-migrate-meta-layouts":"default","ast-page-background-enabled":"default","ast-page-background-meta":{"desktop":{"background-color":"var(--ast-global-color-4)","background-image":"","background-repeat":"repeat","background-position":"center center","background-size":"auto","background-attachment":"scroll","background-type":"","background-media":"","overlay-type":"","overlay-color":"","overlay-opacity":"","overlay-gradient":""},"tablet":{"background-color":"","background-image":"","background-repeat":"repeat","background-position":"center center","background-size":"auto","background-attachment":"scroll","background-type":"","background-media":"","overlay-type":"","overlay-color":"","overlay-opacity":"","overlay-gradient":""},"mobile":{"background-color":"","background-image":"","background-repeat":"repeat","background-position":"center center","background-size":"auto","background-attachment":"scroll","background-type":"","background-media":"","overlay-type":"","overlay-color":"","overlay-opacity":"","overlay-gradient":""}},"ast-content-background-meta":{"desktop":{"background-color":"var(--ast-global-color-5)","background-image":"","background-repeat":"repeat","background-position":"center center","background-size":"auto","background-attachment":"scroll","background-type":"","background-media":"","overlay-type":"","overlay-color":"","overlay-opacity":"","overlay-gradient":""},"tablet":{"background-color":"var(--ast-global-color-5)","background-image":"","background-repeat":"repeat","background-position":"center center","background-size":"auto","background-attachment":"scroll","background-type":"","background-media":"","overlay-type":"","overlay-color":"","overlay-opacity":"","overlay-gradient":""},"mobile":{"background-color":"var(--ast-global-color-5)","background-image":"","background-repeat":"repeat","background-position":"center center","background-size":"auto","background-attachment":"scroll","background-type":"","background-media":"","overlay-type":"","overlay-color":"","overlay-opacity":"","overlay-gradient":""}},"footnotes":""},"class_list":["post-577","page","type-page","status-publish","hentry"],"yoast_head":"<!-- This site is optimized with the Yoast SEO plugin v26.1.1 - https:\/\/yoast.com\/wordpress\/plugins\/seo\/ -->\n<title>Pol\u00edtica de Privacidad - Fotograf\u00eda Profesional Madrid<\/title>\n<meta name=\"robots\" content=\"index, follow, max-snippet:-1, max-image-preview:large, max-video-preview:-1\" \/>\n<link rel=\"canonical\" href=\"https:\/\/fotografiaprofesionalmadrid.com\/en\/politica-de-privacidad\/\" \/>\n<meta property=\"og:locale\" content=\"en_US\" \/>\n<meta property=\"og:type\" content=\"article\" \/>\n<meta property=\"og:title\" content=\"Pol\u00edtica de Privacidad - Fotograf\u00eda Profesional Madrid\" \/>\n<meta property=\"og:description\" content=\"La presente Pol\u00edtica de Privacidad regula el tratamiento y protecci\u00f3n de los datos personales de los usuarios y clientes que [&hellip;]\" \/>\n<meta property=\"og:url\" content=\"https:\/\/fotografiaprofesionalmadrid.com\/en\/politica-de-privacidad\/\" \/>\n<meta property=\"og:site_name\" content=\"Fotograf\u00eda Profesional Madrid\" \/>\n<meta property=\"article:modified_time\" content=\"2025-07-02T15:34:17+00:00\" \/>\n<meta name=\"twitter:card\" content=\"summary_large_image\" \/>\n<meta name=\"twitter:label1\" content=\"Est. reading time\" \/>\n\t<meta name=\"twitter:data1\" content=\"3 minutes\" \/>\n<script type=\"application\/ld+json\" class=\"yoast-schema-graph\">{\"@context\":\"https:\/\/schema.org\",\"@graph\":[{\"@type\":\"WebPage\",\"@id\":\"https:\/\/fotografiaprofesionalmadrid.com\/en\/politica-de-privacidad\/\",\"url\":\"https:\/\/fotografiaprofesionalmadrid.com\/en\/politica-de-privacidad\/\",\"name\":\"Pol\u00edtica de Privacidad - Fotograf\u00eda Profesional Madrid\",\"isPartOf\":{\"@id\":\"https:\/\/fotografiaprofesionalmadrid.com\/#website\"},\"datePublished\":\"2025-07-02T15:23:11+00:00\",\"dateModified\":\"2025-07-02T15:34:17+00:00\",\"breadcrumb\":{\"@id\":\"https:\/\/fotografiaprofesionalmadrid.com\/en\/politica-de-privacidad\/#breadcrumb\"},\"inLanguage\":\"en-US\",\"potentialAction\":[{\"@type\":\"ReadAction\",\"target\":[\"https:\/\/fotografiaprofesionalmadrid.com\/en\/politica-de-privacidad\/\"]}]},{\"@type\":\"BreadcrumbList\",\"@id\":\"https:\/\/fotografiaprofesionalmadrid.com\/en\/politica-de-privacidad\/#breadcrumb\",\"itemListElement\":[{\"@type\":\"ListItem\",\"position\":1,\"name\":\"Portada\",\"item\":\"https:\/\/fotografiaprofesionalmadrid.com\/\"},{\"@type\":\"ListItem\",\"position\":2,\"name\":\"Pol\u00edtica de Privacidad\"}]},{\"@type\":\"WebSite\",\"@id\":\"https:\/\/fotografiaprofesionalmadrid.com\/#website\",\"url\":\"https:\/\/fotografiaprofesionalmadrid.com\/\",\"name\":\"Fotograf\u00eda Profesional Madrid\",\"description\":\"\",\"potentialAction\":[{\"@type\":\"SearchAction\",\"target\":{\"@type\":\"EntryPoint\",\"urlTemplate\":\"https:\/\/fotografiaprofesionalmadrid.com\/?s={search_term_string}\"},\"query-input\":{\"@type\":\"PropertyValueSpecification\",\"valueRequired\":true,\"valueName\":\"search_term_string\"}}],\"inLanguage\":\"en-US\"}]}<\/script>\n<!-- \/ Yoast SEO plugin. -->","yoast_head_json":{"title":"Pol\u00edtica de Privacidad - Fotograf\u00eda Profesional Madrid","robots":{"index":"index","follow":"follow","max-snippet":"max-snippet:-1","max-image-preview":"max-image-preview:large","max-video-preview":"max-video-preview:-1"},"canonical":"https:\/\/fotografiaprofesionalmadrid.com\/en\/politica-de-privacidad\/","og_locale":"en_US","og_type":"article","og_title":"Pol\u00edtica de Privacidad - Fotograf\u00eda Profesional Madrid","og_description":"La presente Pol\u00edtica de Privacidad regula el tratamiento y protecci\u00f3n de los datos personales de los usuarios y clientes que [&hellip;]","og_url":"https:\/\/fotografiaprofesionalmadrid.com\/en\/politica-de-privacidad\/","og_site_name":"Fotograf\u00eda Profesional Madrid","article_modified_time":"2025-07-02T15:34:17+00:00","twitter_card":"summary_large_image","twitter_misc":{"Est. reading time":"3 minutes"},"schema":{"@context":"https:\/\/schema.org","@graph":[{"@type":"WebPage","@id":"https:\/\/fotografiaprofesionalmadrid.com\/en\/politica-de-privacidad\/","url":"https:\/\/fotografiaprofesionalmadrid.com\/en\/politica-de-privacidad\/","name":"Pol\u00edtica de Privacidad - Fotograf\u00eda Profesional Madrid","isPartOf":{"@id":"https:\/\/fotografiaprofesionalmadrid.com\/#website"},"datePublished":"2025-07-02T15:23:11+00:00","dateModified":"2025-07-02T15:34:17+00:00","breadcrumb":{"@id":"https:\/\/fotografiaprofesionalmadrid.com\/en\/politica-de-privacidad\/#breadcrumb"},"inLanguage":"en-US","potentialAction":[{"@type":"ReadAction","target":["https:\/\/fotografiaprofesionalmadrid.com\/en\/politica-de-privacidad\/"]}]},{"@type":"BreadcrumbList","@id":"https:\/\/fotografiaprofesionalmadrid.com\/en\/politica-de-privacidad\/#breadcrumb","itemListElement":[{"@type":"ListItem","position":1,"name":"Portada","item":"https:\/\/fotografiaprofesionalmadrid.com\/"},{"@type":"ListItem","position":2,"name":"Pol\u00edtica de Privacidad"}]},{"@type":"WebSite","@id":"https:\/\/fotografiaprofesionalmadrid.com\/#website","url":"https:\/\/fotografiaprofesionalmadrid.com\/","name":"Professional Photography Madrid","description":"","potentialAction":[{"@type":"SearchAction","target":{"@type":"EntryPoint","urlTemplate":"https:\/\/fotografiaprofesionalmadrid.com\/?s={search_term_string}"},"query-input":{"@type":"PropertyValueSpecification","valueRequired":true,"valueName":"search_term_string"}}],"inLanguage":"en-US"}]}},"uagb_featured_image_src":{"full":false,"thumbnail":false,"medium":false,"medium_large":false,"large":false,"1536x1536":false,"2048x2048":false,"trp-custom-language-flag":false},"uagb_author_info":{"display_name":"Paula Galindo Valle 71664907N","author_link":"https:\/\/fotografiaprofesionalmadrid.com\/en\/author\/gestionbiskitagencia-com\/"},"uagb_comment_info":0,"uagb_excerpt":"La presente Pol\u00edtica de Privacidad regula el tratamiento y protecci\u00f3n de los datos personales de los usuarios y clientes que [&hellip;]","_links":{"self":[{"href":"https:\/\/fotografiaprofesionalmadrid.com\/en\/wp-json\/wp\/v2\/pages\/577","targetHints":{"allow":["GET"]}}],"collection":[{"href":"https:\/\/fotografiaprofesionalmadrid.com\/en\/wp-json\/wp\/v2\/pages"}],"about":[{"href":"https:\/\/fotografiaprofesionalmadrid.com\/en\/wp-json\/wp\/v2\/types\/page"}],"author":[{"embeddable":true,"href":"https:\/\/fotografiaprofesionalmadrid.com\/en\/wp-json\/wp\/v2\/users\/1"}],"replies":[{"embeddable":true,"href":"https:\/\/fotografiaprofesionalmadrid.com\/en\/wp-json\/wp\/v2\/comments?post=577"}],"version-history":[{"count":2,"href":"https:\/\/fotografiaprofesionalmadrid.com\/en\/wp-json\/wp\/v2\/pages\/577\/revisions"}],"predecessor-version":[{"id":606,"href":"https:\/\/fotografiaprofesionalmadrid.com\/en\/wp-json\/wp\/v2\/pages\/577\/revisions\/606"}],"wp:attachment":[{"href":"https:\/\/fotografiaprofesionalmadrid.com\/en\/wp-json\/wp\/v2\/media?parent=577"}],"curies":[{"name":"wp","href":"https:\/\/api.w.org\/{rel}","templated":true}]}}