{"id":308,"date":"2025-07-02T15:17:52","date_gmt":"2025-07-02T15:17:52","guid":{"rendered":"https:\/\/magenta-hedgehog-601227.hostingersite.com\/services\/"},"modified":"2025-07-02T15:20:44","modified_gmt":"2025-07-02T15:20:44","slug":"services","status":"publish","type":"page","link":"https:\/\/fotografiaprofesionalmadrid.com\/en\/services\/","title":{"rendered":"Services"},"content":{"rendered":"<div class=\"wp-block-uagb-container uagb-block-0a3c038c alignfull uagb-is-root-container\"><div class=\"uagb-container-inner-blocks-wrap\">\n<div class=\"wp-block-uagb-advanced-heading uagb-block-68c7b934\"><p class=\"uagb-desc-text\">Services<\/p><h1 class=\"uagb-heading-text\">High quality photography for every moment<\/h1><\/div>\n\n\n\n<div class=\"wp-block-uagb-container uagb-layout-grid uagb-block-a3676eea\">\n<div class=\"wp-block-uagb-image uagb-block-edde58d1 wp-block-uagb-image--layout-default wp-block-uagb-image--effect-static wp-block-uagb-image--align-none\"><figure class=\"wp-block-uagb-image__figure\"><img loading=\"lazy\" decoding=\"async\" srcset=\"https:\/\/fotografiaprofesionalmadrid.com\/wp-content\/uploads\/2025\/07\/pexels-photo-7014939.jpeg ,https:\/\/fotografiaprofesionalmadrid.com\/wp-content\/uploads\/2025\/07\/pexels-photo-7014939.jpeg 780w, https:\/\/fotografiaprofesionalmadrid.com\/wp-content\/uploads\/2025\/07\/pexels-photo-7014939.jpeg 360w\" sizes=\"auto, (max-width: 480px) 150px\" src=\"https:\/\/fotografiaprofesionalmadrid.com\/wp-content\/uploads\/2025\/07\/pexels-photo-7014939.jpeg\" alt=\"\" class=\"uag-image-18\" width=\"384\" height=\"400\" title=\"services-img-01\" role=\"img\"\/><\/figure><\/div>\n\n\n\n<div class=\"wp-block-uagb-image uagb-block-18e746cf wp-block-uagb-image--layout-default wp-block-uagb-image--effect-static wp-block-uagb-image--align-none\"><figure class=\"wp-block-uagb-image__figure\"><img loading=\"lazy\" decoding=\"async\" srcset=\"https:\/\/fotografiaprofesionalmadrid.com\/wp-content\/uploads\/2025\/07\/pexels-photo-1276434.jpeg ,https:\/\/fotografiaprofesionalmadrid.com\/wp-content\/uploads\/2025\/07\/pexels-photo-1276434.jpeg 780w, https:\/\/fotografiaprofesionalmadrid.com\/wp-content\/uploads\/2025\/07\/pexels-photo-1276434.jpeg 360w\" sizes=\"auto, (max-width: 480px) 150px\" src=\"https:\/\/fotografiaprofesionalmadrid.com\/wp-content\/uploads\/2025\/07\/pexels-photo-1276434.jpeg\" alt=\"\" class=\"uag-image-19\" width=\"792\" height=\"400\" title=\"services-img-02\" role=\"img\"\/><\/figure><\/div>\n<\/div>\n<\/div><\/div>\n\n\n\n<div class=\"wp-block-uagb-container uagb-block-fed54b80 alignfull uagb-is-root-container\"><div class=\"uagb-container-inner-blocks-wrap\">\n<div class=\"wp-block-uagb-container uagb-layout-flex uagb-block-ed311a7c\">\n<div class=\"wp-block-uagb-container uagb-block-3a8c119f\">\n<div class=\"wp-block-uagb-image uagb-block-ddbd9e45 wp-block-uagb-image--layout-default wp-block-uagb-image--effect-static wp-block-uagb-image--align-none\"><figure class=\"wp-block-uagb-image__figure\"><img loading=\"lazy\" decoding=\"async\" srcset=\"https:\/\/fotografiaprofesionalmadrid.com\/wp-content\/uploads\/2025\/07\/pexels-photo-3368215.jpeg ,https:\/\/fotografiaprofesionalmadrid.com\/wp-content\/uploads\/2025\/07\/pexels-photo-3368215.jpeg 780w, https:\/\/fotografiaprofesionalmadrid.com\/wp-content\/uploads\/2025\/07\/pexels-photo-3368215.jpeg 360w\" sizes=\"auto, (max-width: 480px) 150px\" src=\"https:\/\/fotografiaprofesionalmadrid.com\/wp-content\/uploads\/2025\/07\/pexels-photo-3368215.jpeg\" alt=\"\" class=\"uag-image-20\" width=\"384\" height=\"384\" title=\"services-01\" role=\"img\"\/><\/figure><\/div>\n<\/div>\n\n\n\n<div class=\"wp-block-uagb-advanced-heading uagb-block-339a551b\"><h2 class=\"uagb-heading-text\">Event Photography<\/h2><p class=\"uagb-desc-text\">We capture the essence of your special events, ensuring that every significant moment is immortalized with an artistic and professional approach, so you can relive those moments over and over again.<\/p><\/div>\n<\/div>\n\n\n\n<div class=\"wp-block-uagb-container uagb-layout-flex uagb-block-e3cbdd5a\">\n<div class=\"wp-block-uagb-advanced-heading uagb-block-22da41b3\"><h2 class=\"uagb-heading-text\">Personalized Portraits<\/h2><p class=\"uagb-desc-text\">We offer custom-designed portrait sessions, highlighting the personality and style of each client, with a comfortable and professional environment for spectacular results.<\/p><\/div>\n\n\n\n<div class=\"wp-block-uagb-container uagb-block-3dc7c3df\">\n<div class=\"wp-block-uagb-image uagb-block-020572fe wp-block-uagb-image--layout-default wp-block-uagb-image--effect-static wp-block-uagb-image--align-none\"><figure class=\"wp-block-uagb-image__figure\"><img loading=\"lazy\" decoding=\"async\" srcset=\"https:\/\/fotografiaprofesionalmadrid.com\/wp-content\/uploads\/2025\/07\/pexels-photo-2204008.jpeg ,https:\/\/fotografiaprofesionalmadrid.com\/wp-content\/uploads\/2025\/07\/pexels-photo-2204008.jpeg 780w, https:\/\/fotografiaprofesionalmadrid.com\/wp-content\/uploads\/2025\/07\/pexels-photo-2204008.jpeg 360w\" sizes=\"auto, (max-width: 480px) 150px\" src=\"https:\/\/fotografiaprofesionalmadrid.com\/wp-content\/uploads\/2025\/07\/pexels-photo-2204008.jpeg\" alt=\"\" class=\"uag-image-21\" width=\"384\" height=\"384\" title=\"services-02\" role=\"img\"\/><\/figure><\/div>\n<\/div>\n<\/div>\n\n\n\n<div class=\"wp-block-uagb-container uagb-layout-flex uagb-block-31775b11\">\n<div class=\"wp-block-uagb-container uagb-block-a3ed3ed0\">\n<div class=\"wp-block-uagb-image uagb-block-f11abffd wp-block-uagb-image--layout-default wp-block-uagb-image--effect-static wp-block-uagb-image--align-none\"><figure class=\"wp-block-uagb-image__figure\"><img loading=\"lazy\" decoding=\"async\" srcset=\"https:\/\/fotografiaprofesionalmadrid.com\/wp-content\/uploads\/2025\/07\/pexels-photo-2050720.jpeg ,https:\/\/fotografiaprofesionalmadrid.com\/wp-content\/uploads\/2025\/07\/pexels-photo-2050720.jpeg 780w, https:\/\/fotografiaprofesionalmadrid.com\/wp-content\/uploads\/2025\/07\/pexels-photo-2050720.jpeg 360w\" sizes=\"auto, (max-width: 480px) 150px\" src=\"https:\/\/fotografiaprofesionalmadrid.com\/wp-content\/uploads\/2025\/07\/pexels-photo-2050720.jpeg\" alt=\"\" class=\"uag-image-22\" width=\"384\" height=\"384\" title=\"services-03\" role=\"img\"\/><\/figure><\/div>\n<\/div>\n\n\n\n<div class=\"wp-block-uagb-advanced-heading uagb-block-b69879f8\"><h2 class=\"uagb-heading-text\">Advertising Photography<\/h2><p class=\"uagb-desc-text\">We create impactful images that highlight your brand and products, using creative techniques to communicate your message effectively and attract the attention of your target audience.<\/p><\/div>\n<\/div>\n\n\n\n<div class=\"wp-block-uagb-container uagb-layout-flex uagb-block-1bab1fb0\">\n<div class=\"wp-block-uagb-advanced-heading uagb-block-082fd9d8\"><h2 class=\"uagb-heading-text\">Product Photography<\/h2><p class=\"uagb-desc-text\">Our product photography services are designed to present your items in the best possible light, ensuring they look attractive and professionally lit to boost your sales.<\/p><\/div>\n\n\n\n<div class=\"wp-block-uagb-container uagb-block-10d75c79\">\n<div class=\"wp-block-uagb-image uagb-block-5657b21e wp-block-uagb-image--layout-default wp-block-uagb-image--effect-static wp-block-uagb-image--align-none\"><figure class=\"wp-block-uagb-image__figure\"><img loading=\"lazy\" decoding=\"async\" srcset=\"https:\/\/fotografiaprofesionalmadrid.com\/wp-content\/uploads\/2025\/07\/pexels-photo-3101510.jpeg ,https:\/\/fotografiaprofesionalmadrid.com\/wp-content\/uploads\/2025\/07\/pexels-photo-3101510.jpeg 780w, https:\/\/fotografiaprofesionalmadrid.com\/wp-content\/uploads\/2025\/07\/pexels-photo-3101510.jpeg 360w\" sizes=\"auto, (max-width: 480px) 150px\" src=\"https:\/\/fotografiaprofesionalmadrid.com\/wp-content\/uploads\/2025\/07\/pexels-photo-3101510.jpeg\" alt=\"\" class=\"uag-image-23\" width=\"384\" height=\"384\" title=\"services-04\" role=\"img\"\/><\/figure><\/div>\n<\/div>\n<\/div>\n<\/div><\/div>\n\n\n\n<div class=\"wp-block-uagb-container uagb-block-e460d63f alignfull uagb-is-root-container\"><div class=\"uagb-container-inner-blocks-wrap\">\n<div class=\"wp-block-uagb-info-box uagb-block-2d9e82ad uagb-infobox__content-wrap  uagb-infobox-icon-above-title uagb-infobox-image-valign-top wp-block-uagb-info-box--has-margin\"><div class=\"uagb-infobox-margin-wrapper\"><div class=\"uagb-ifb-content\"><div class=\"uagb-ifb-title-wrap\"><div class=\"uagb-ifb-separator\"><\/div><h2 class=\"uagb-ifb-title\">Don't Pass Up Unforgettable Opportunities<\/h2><\/div><p class=\"uagb-ifb-desc\">Contact us today to book your photography session and capture those special moments.<\/p><div class=\"uagb-ifb-button-wrapper wp-block-button\"><a href=\"\/en\/contact\/\" class=\"uagb-infobox-cta-link wp-block-button__link\" target=\"_self\" rel=\"noopener noreferrer\" onclick=\"return true;\" alt=\"\"><span class=\"uagb-inline-editing\">Contact Us Now<\/span><\/a><\/div><\/div><\/div><\/div>\n<\/div><\/div>\n\n\n\n<div class=\"wp-block-uagb-image uagb-block-b337aa9c wp-block-uagb-image--layout-default wp-block-uagb-image--effect-static wp-block-uagb-image--align-none\"><figure class=\"wp-block-uagb-image__figure\"><img loading=\"lazy\" decoding=\"async\" srcset=\"https:\/\/fotografiaprofesionalmadrid.com\/wp-content\/uploads\/2025\/07\/KIT-DIGITAL-2.png ,https:\/\/fotografiaprofesionalmadrid.com\/wp-content\/uploads\/2025\/07\/KIT-DIGITAL-2.png 780w, https:\/\/fotografiaprofesionalmadrid.com\/wp-content\/uploads\/2025\/07\/KIT-DIGITAL-2.png 360w\" sizes=\"auto, (max-width: 480px) 150px\" src=\"https:\/\/fotografiaprofesionalmadrid.com\/wp-content\/uploads\/2025\/07\/KIT-DIGITAL-2.png\" alt=\"\" class=\"uag-image-568\" width=\"1024\" height=\"66\" title=\"DIGITAL KIT\" role=\"img\"\/><\/figure><\/div>","protected":false},"excerpt":{"rendered":"<p>Services High quality photography for every moment Event Photography We capture the essence of your special events, guaranteeing the [...]<\/p>","protected":false},"author":1,"featured_media":0,"parent":0,"menu_order":0,"comment_status":"closed","ping_status":"closed","template":"","meta":{"_uag_custom_page_level_css":"","site-sidebar-layout":"default","site-content-layout":"","ast-site-content-layout":"default","site-content-style":"default","site-sidebar-style":"default","ast-global-header-display":"","ast-banner-title-visibility":"","ast-main-header-display":"","ast-hfb-above-header-display":"","ast-hfb-below-header-display":"","ast-hfb-mobile-header-display":"","site-post-title":"disabled","ast-breadcrumbs-content":"","ast-featured-img":"","footer-sml-layout":"","theme-transparent-header-meta":"","adv-header-id-meta":"","stick-header-meta":"","header-above-stick-meta":"","header-main-stick-meta":"","header-below-stick-meta":"","astra-migrate-meta-layouts":"default","ast-page-background-enabled":"default","ast-page-background-meta":{"desktop":{"background-color":"var(--ast-global-color-4)","background-image":"","background-repeat":"repeat","background-position":"center center","background-size":"auto","background-attachment":"scroll","background-type":"","background-media":"","overlay-type":"","overlay-color":"","overlay-opacity":"","overlay-gradient":""},"tablet":{"background-color":"","background-image":"","background-repeat":"repeat","background-position":"center center","background-size":"auto","background-attachment":"scroll","background-type":"","background-media":"","overlay-type":"","overlay-color":"","overlay-opacity":"","overlay-gradient":""},"mobile":{"background-color":"","background-image":"","background-repeat":"repeat","background-position":"center center","background-size":"auto","background-attachment":"scroll","background-type":"","background-media":"","overlay-type":"","overlay-color":"","overlay-opacity":"","overlay-gradient":""}},"ast-content-background-meta":{"desktop":{"background-color":"var(--ast-global-color-5)","background-image":"","background-repeat":"repeat","background-position":"center center","background-size":"auto","background-attachment":"scroll","background-type":"","background-media":"","overlay-type":"","overlay-color":"","overlay-opacity":"","overlay-gradient":""},"tablet":{"background-color":"var(--ast-global-color-5)","background-image":"","background-repeat":"repeat","background-position":"center center","background-size":"auto","background-attachment":"scroll","background-type":"","background-media":"","overlay-type":"","overlay-color":"","overlay-opacity":"","overlay-gradient":""},"mobile":{"background-color":"var(--ast-global-color-5)","background-image":"","background-repeat":"repeat","background-position":"center center","background-size":"auto","background-attachment":"scroll","background-type":"","background-media":"","overlay-type":"","overlay-color":"","overlay-opacity":"","overlay-gradient":""}},"footnotes":""},"class_list":["post-308","page","type-page","status-publish","hentry"],"yoast_head":"<!-- This site is optimized with the Yoast SEO plugin v26.1.1 - https:\/\/yoast.com\/wordpress\/plugins\/seo\/ -->\n<title>Services - Fotograf\u00eda Profesional Madrid<\/title>\n<meta name=\"robots\" content=\"index, follow, max-snippet:-1, max-image-preview:large, max-video-preview:-1\" \/>\n<link rel=\"canonical\" href=\"https:\/\/fotografiaprofesionalmadrid.com\/en\/services\/\" \/>\n<meta property=\"og:locale\" content=\"en_US\" \/>\n<meta property=\"og:type\" content=\"article\" \/>\n<meta property=\"og:title\" content=\"Services - Fotograf\u00eda Profesional Madrid\" \/>\n<meta property=\"og:description\" content=\"Servicios Fotograf\u00eda de alta calidad para todos los momentos Fotograf\u00eda de Eventos Capturamos la esencia de tus eventos especiales, garantizando [&hellip;]\" \/>\n<meta property=\"og:url\" content=\"https:\/\/fotografiaprofesionalmadrid.com\/en\/services\/\" \/>\n<meta property=\"og:site_name\" content=\"Fotograf\u00eda Profesional Madrid\" \/>\n<meta property=\"article:modified_time\" content=\"2025-07-02T15:20:44+00:00\" \/>\n<meta property=\"og:image\" content=\"https:\/\/fotografiaprofesionalmadrid.com\/wp-content\/uploads\/2025\/07\/pexels-photo-7014939.jpeg\" \/>\n<meta name=\"twitter:card\" content=\"summary_large_image\" \/>\n<meta name=\"twitter:label1\" content=\"Est. reading time\" \/>\n\t<meta name=\"twitter:data1\" content=\"2 minutes\" \/>\n<script type=\"application\/ld+json\" class=\"yoast-schema-graph\">{\"@context\":\"https:\/\/schema.org\",\"@graph\":[{\"@type\":\"WebPage\",\"@id\":\"https:\/\/fotografiaprofesionalmadrid.com\/services\/\",\"url\":\"https:\/\/fotografiaprofesionalmadrid.com\/services\/\",\"name\":\"Services - Fotograf\u00eda Profesional Madrid\",\"isPartOf\":{\"@id\":\"https:\/\/fotografiaprofesionalmadrid.com\/#website\"},\"primaryImageOfPage\":{\"@id\":\"https:\/\/fotografiaprofesionalmadrid.com\/services\/#primaryimage\"},\"image\":{\"@id\":\"https:\/\/fotografiaprofesionalmadrid.com\/services\/#primaryimage\"},\"thumbnailUrl\":\"https:\/\/fotografiaprofesionalmadrid.com\/wp-content\/uploads\/2025\/07\/pexels-photo-7014939.jpeg\",\"datePublished\":\"2025-07-02T15:17:52+00:00\",\"dateModified\":\"2025-07-02T15:20:44+00:00\",\"breadcrumb\":{\"@id\":\"https:\/\/fotografiaprofesionalmadrid.com\/services\/#breadcrumb\"},\"inLanguage\":\"en-US\",\"potentialAction\":[{\"@type\":\"ReadAction\",\"target\":[\"https:\/\/fotografiaprofesionalmadrid.com\/services\/\"]}]},{\"@type\":\"ImageObject\",\"inLanguage\":\"en-US\",\"@id\":\"https:\/\/fotografiaprofesionalmadrid.com\/services\/#primaryimage\",\"url\":\"https:\/\/fotografiaprofesionalmadrid.com\/wp-content\/uploads\/2025\/07\/pexels-photo-7014939.jpeg\",\"contentUrl\":\"https:\/\/fotografiaprofesionalmadrid.com\/wp-content\/uploads\/2025\/07\/pexels-photo-7014939.jpeg\"},{\"@type\":\"BreadcrumbList\",\"@id\":\"https:\/\/fotografiaprofesionalmadrid.com\/services\/#breadcrumb\",\"itemListElement\":[{\"@type\":\"ListItem\",\"position\":1,\"name\":\"Portada\",\"item\":\"https:\/\/fotografiaprofesionalmadrid.com\/\"},{\"@type\":\"ListItem\",\"position\":2,\"name\":\"Services\"}]},{\"@type\":\"WebSite\",\"@id\":\"https:\/\/fotografiaprofesionalmadrid.com\/#website\",\"url\":\"https:\/\/fotografiaprofesionalmadrid.com\/\",\"name\":\"Fotograf\u00eda Profesional Madrid\",\"description\":\"\",\"potentialAction\":[{\"@type\":\"SearchAction\",\"target\":{\"@type\":\"EntryPoint\",\"urlTemplate\":\"https:\/\/fotografiaprofesionalmadrid.com\/?s={search_term_string}\"},\"query-input\":{\"@type\":\"PropertyValueSpecification\",\"valueRequired\":true,\"valueName\":\"search_term_string\"}}],\"inLanguage\":\"en-US\"}]}<\/script>\n<!-- \/ Yoast SEO plugin. -->","yoast_head_json":{"title":"Services - Fotograf\u00eda Profesional Madrid","robots":{"index":"index","follow":"follow","max-snippet":"max-snippet:-1","max-image-preview":"max-image-preview:large","max-video-preview":"max-video-preview:-1"},"canonical":"https:\/\/fotografiaprofesionalmadrid.com\/en\/services\/","og_locale":"en_US","og_type":"article","og_title":"Services - Fotograf\u00eda Profesional Madrid","og_description":"Servicios Fotograf\u00eda de alta calidad para todos los momentos Fotograf\u00eda de Eventos Capturamos la esencia de tus eventos especiales, garantizando [&hellip;]","og_url":"https:\/\/fotografiaprofesionalmadrid.com\/en\/services\/","og_site_name":"Fotograf\u00eda Profesional Madrid","article_modified_time":"2025-07-02T15:20:44+00:00","og_image":[{"url":"https:\/\/fotografiaprofesionalmadrid.com\/wp-content\/uploads\/2025\/07\/pexels-photo-7014939.jpeg","type":"","width":"","height":""}],"twitter_card":"summary_large_image","twitter_misc":{"Est. reading time":"2 minutes"},"schema":{"@context":"https:\/\/schema.org","@graph":[{"@type":"WebPage","@id":"https:\/\/fotografiaprofesionalmadrid.com\/services\/","url":"https:\/\/fotografiaprofesionalmadrid.com\/services\/","name":"Services - Fotograf\u00eda Profesional Madrid","isPartOf":{"@id":"https:\/\/fotografiaprofesionalmadrid.com\/#website"},"primaryImageOfPage":{"@id":"https:\/\/fotografiaprofesionalmadrid.com\/services\/#primaryimage"},"image":{"@id":"https:\/\/fotografiaprofesionalmadrid.com\/services\/#primaryimage"},"thumbnailUrl":"https:\/\/fotografiaprofesionalmadrid.com\/wp-content\/uploads\/2025\/07\/pexels-photo-7014939.jpeg","datePublished":"2025-07-02T15:17:52+00:00","dateModified":"2025-07-02T15:20:44+00:00","breadcrumb":{"@id":"https:\/\/fotografiaprofesionalmadrid.com\/services\/#breadcrumb"},"inLanguage":"en-US","potentialAction":[{"@type":"ReadAction","target":["https:\/\/fotografiaprofesionalmadrid.com\/services\/"]}]},{"@type":"ImageObject","inLanguage":"en-US","@id":"https:\/\/fotografiaprofesionalmadrid.com\/services\/#primaryimage","url":"https:\/\/fotografiaprofesionalmadrid.com\/wp-content\/uploads\/2025\/07\/pexels-photo-7014939.jpeg","contentUrl":"https:\/\/fotografiaprofesionalmadrid.com\/wp-content\/uploads\/2025\/07\/pexels-photo-7014939.jpeg"},{"@type":"BreadcrumbList","@id":"https:\/\/fotografiaprofesionalmadrid.com\/services\/#breadcrumb","itemListElement":[{"@type":"ListItem","position":1,"name":"Portada","item":"https:\/\/fotografiaprofesionalmadrid.com\/"},{"@type":"ListItem","position":2,"name":"Services"}]},{"@type":"WebSite","@id":"https:\/\/fotografiaprofesionalmadrid.com\/#website","url":"https:\/\/fotografiaprofesionalmadrid.com\/","name":"Professional Photography Madrid","description":"","potentialAction":[{"@type":"SearchAction","target":{"@type":"EntryPoint","urlTemplate":"https:\/\/fotografiaprofesionalmadrid.com\/?s={search_term_string}"},"query-input":{"@type":"PropertyValueSpecification","valueRequired":true,"valueName":"search_term_string"}}],"inLanguage":"en-US"}]}},"uagb_featured_image_src":{"full":false,"thumbnail":false,"medium":false,"medium_large":false,"large":false,"1536x1536":false,"2048x2048":false,"trp-custom-language-flag":false},"uagb_author_info":{"display_name":"Paula Galindo Valle 71664907N","author_link":"https:\/\/fotografiaprofesionalmadrid.com\/en\/author\/gestionbiskitagencia-com\/"},"uagb_comment_info":0,"uagb_excerpt":"Servicios Fotograf\u00eda de alta calidad para todos los momentos Fotograf\u00eda de Eventos Capturamos la esencia de tus eventos especiales, garantizando [&hellip;]","_links":{"self":[{"href":"https:\/\/fotografiaprofesionalmadrid.com\/en\/wp-json\/wp\/v2\/pages\/308","targetHints":{"allow":["GET"]}}],"collection":[{"href":"https:\/\/fotografiaprofesionalmadrid.com\/en\/wp-json\/wp\/v2\/pages"}],"about":[{"href":"https:\/\/fotografiaprofesionalmadrid.com\/en\/wp-json\/wp\/v2\/types\/page"}],"author":[{"embeddable":true,"href":"https:\/\/fotografiaprofesionalmadrid.com\/en\/wp-json\/wp\/v2\/users\/1"}],"replies":[{"embeddable":true,"href":"https:\/\/fotografiaprofesionalmadrid.com\/en\/wp-json\/wp\/v2\/comments?post=308"}],"version-history":[{"count":4,"href":"https:\/\/fotografiaprofesionalmadrid.com\/en\/wp-json\/wp\/v2\/pages\/308\/revisions"}],"predecessor-version":[{"id":569,"href":"https:\/\/fotografiaprofesionalmadrid.com\/en\/wp-json\/wp\/v2\/pages\/308\/revisions\/569"}],"wp:attachment":[{"href":"https:\/\/fotografiaprofesionalmadrid.com\/en\/wp-json\/wp\/v2\/media?parent=308"}],"curies":[{"name":"wp","href":"https:\/\/api.w.org\/{rel}","templated":true}]}}