{"id":307,"date":"2025-07-02T15:17:52","date_gmt":"2025-07-02T15:17:52","guid":{"rendered":"https:\/\/magenta-hedgehog-601227.hostingersite.com\/about\/"},"modified":"2025-07-02T15:20:11","modified_gmt":"2025-07-02T15:20:11","slug":"about","status":"publish","type":"page","link":"https:\/\/fotografiaprofesionalmadrid.com\/en\/about\/","title":{"rendered":"About"},"content":{"rendered":"<div class=\"wp-block-uagb-container uagb-block-0a3c038c alignfull uagb-is-root-container\"><div class=\"uagb-container-inner-blocks-wrap\">\n<div class=\"wp-block-uagb-advanced-heading uagb-block-68c7b934\"><p class=\"uagb-desc-text\">Our History<\/p><h1 class=\"uagb-heading-text\">Quality Photography in the Heart of Madrid<\/h1><\/div>\n\n\n\n<div class=\"wp-block-uagb-container uagb-layout-grid uagb-block-a3676eea\">\n<div class=\"wp-block-uagb-image uagb-block-edde58d1 wp-block-uagb-image--layout-default wp-block-uagb-image--effect-static wp-block-uagb-image--align-none\"><figure class=\"wp-block-uagb-image__figure\"><img loading=\"lazy\" decoding=\"async\" srcset=\"https:\/\/fotografiaprofesionalmadrid.com\/wp-content\/uploads\/2025\/07\/pexels-photo-7327123.jpeg ,https:\/\/fotografiaprofesionalmadrid.com\/wp-content\/uploads\/2025\/07\/pexels-photo-7327123.jpeg 780w, https:\/\/fotografiaprofesionalmadrid.com\/wp-content\/uploads\/2025\/07\/pexels-photo-7327123.jpeg 360w\" sizes=\"auto, (max-width: 480px) 150px\" src=\"https:\/\/fotografiaprofesionalmadrid.com\/wp-content\/uploads\/2025\/07\/pexels-photo-7327123.jpeg\" alt=\"\" class=\"uag-image-24\" width=\"384\" height=\"400\" title=\"about-img-01\" role=\"img\"\/><\/figure><\/div>\n\n\n\n<div class=\"wp-block-uagb-image uagb-block-18e746cf wp-block-uagb-image--layout-default wp-block-uagb-image--effect-static wp-block-uagb-image--align-none\"><figure class=\"wp-block-uagb-image__figure\"><img loading=\"lazy\" decoding=\"async\" srcset=\"https:\/\/fotografiaprofesionalmadrid.com\/wp-content\/uploads\/2025\/07\/pexels-photo-1736722.jpeg ,https:\/\/fotografiaprofesionalmadrid.com\/wp-content\/uploads\/2025\/07\/pexels-photo-1736722.jpeg 780w, https:\/\/fotografiaprofesionalmadrid.com\/wp-content\/uploads\/2025\/07\/pexels-photo-1736722.jpeg 360w\" sizes=\"auto, (max-width: 480px) 150px\" src=\"https:\/\/fotografiaprofesionalmadrid.com\/wp-content\/uploads\/2025\/07\/pexels-photo-1736722.jpeg\" alt=\"\" class=\"uag-image-25\" width=\"792\" height=\"400\" title=\"about-img-02\" role=\"img\"\/><\/figure><\/div>\n<\/div>\n<\/div><\/div>\n\n\n\n<div class=\"wp-block-uagb-container uagb-layout-grid uagb-block-08603c8b alignfull uagb-is-root-container\"><div class=\"uagb-container-inner-blocks-wrap\">\n<div class=\"wp-block-uagb-advanced-heading uagb-block-760f95e3\"><h2 class=\"uagb-heading-text\">Who we are<\/h2><\/div>\n\n\n\n<div class=\"wp-block-uagb-info-box uagb-block-5dc1fafb uagb-infobox__content-wrap  uagb-infobox-icon-above-title uagb-infobox-image-valign-top\"><div class=\"uagb-ifb-content\"><div class=\"uagb-ifb-title-wrap\"><h3 class=\"uagb-ifb-title-prefix\">The Essence of Professional Photography Madrid<\/h3><p class=\"uagb-ifb-title\">Since 2015, we have helped numerous clients capture unforgettable moments, transforming their vision into stunning images that tell unique and memorable stories.<\/p><\/div><p class=\"uagb-ifb-desc\">Our commitment to excellence has allowed us to work with companies and individuals, achieving exceptional results that generate a lasting impact on their memories and advertising campaigns.<\/p><\/div><\/div>\n<\/div><\/div>\n\n\n\n<div class=\"wp-block-uagb-container uagb-layout-grid uagb-block-60548ee6 alignfull uagb-is-root-container\"><div class=\"uagb-container-inner-blocks-wrap\">\n<div class=\"wp-block-uagb-container uagb-block-43b8b897\"><\/div>\n\n\n\n<div class=\"wp-block-uagb-container uagb-block-e70ef1c3\">\n<div class=\"wp-block-uagb-advanced-heading uagb-block-763f0174\"><h3 class=\"uagb-heading-text\">Our History<\/h3><p class=\"uagb-desc-text\">Since 2015, we have grown in the heart of Madrid, becoming a reference in professional photography, thanks to our dedication and passion for visual art.<\/p><\/div>\n<\/div>\n\n\n\n<div class=\"wp-block-uagb-container uagb-block-be866ff8\"><\/div>\n\n\n\n<div class=\"wp-block-uagb-container uagb-block-5ee10564\">\n<div class=\"wp-block-uagb-advanced-heading uagb-block-5f74cbed\"><h4 class=\"uagb-heading-text\">Superior Quality<\/h4><p class=\"uagb-desc-text\">We offer high quality photography, ensuring that each image is perfect and meets the highest standards in the industry.<\/p><\/div>\n<\/div>\n\n\n\n<div class=\"wp-block-uagb-container uagb-block-773529b0\">\n<div class=\"wp-block-uagb-advanced-heading uagb-block-289d8267\"><h4 class=\"uagb-heading-text\">Customized Approach<\/h4><p class=\"uagb-desc-text\">We work closely with our clients, ensuring that each shoot is tailored to their needs and captures their unique vision.<\/p><\/div>\n<\/div>\n\n\n\n<div class=\"wp-block-uagb-container uagb-block-4713ec62\">\n<div class=\"wp-block-uagb-advanced-heading uagb-block-b07ef287\"><h4 class=\"uagb-heading-text\">Distinctive Creativity<\/h4><p class=\"uagb-desc-text\">Our team of experts brings a creative approach to each project, highlighting the uniqueness of each event and creating images that truly tell a story.<\/p><\/div>\n<\/div>\n<\/div><\/div>\n\n\n\n<div class=\"wp-block-uagb-container uagb-block-e460d63f alignfull uagb-is-root-container\"><div class=\"uagb-container-inner-blocks-wrap\">\n<div class=\"wp-block-uagb-info-box uagb-block-2d9e82ad uagb-infobox__content-wrap  uagb-infobox-icon-above-title uagb-infobox-image-valign-top wp-block-uagb-info-box--has-margin\"><div class=\"uagb-infobox-margin-wrapper\"><div class=\"uagb-ifb-content\"><div class=\"uagb-ifb-title-wrap\"><div class=\"uagb-ifb-separator\"><\/div><h2 class=\"uagb-ifb-title\">Don't Pass Up Unforgettable Opportunities<\/h2><\/div><p class=\"uagb-ifb-desc\">Contact us today to book your photography session and capture those special moments.<\/p><div class=\"uagb-ifb-button-wrapper wp-block-button\"><a href=\"\/en\/contact\/\" class=\"uagb-infobox-cta-link wp-block-button__link\" target=\"_self\" rel=\"noopener noreferrer\" onclick=\"return true;\" alt=\"\"><span class=\"uagb-inline-editing\">Contact Us Now<\/span><\/a><\/div><\/div><\/div><\/div>\n<\/div><\/div>\n\n\n\n<div class=\"wp-block-uagb-image uagb-block-41914780 wp-block-uagb-image--layout-default wp-block-uagb-image--effect-static wp-block-uagb-image--align-none\"><figure class=\"wp-block-uagb-image__figure\"><img loading=\"lazy\" decoding=\"async\" srcset=\"https:\/\/fotografiaprofesionalmadrid.com\/wp-content\/uploads\/2025\/07\/KIT-DIGITAL-1.png ,https:\/\/fotografiaprofesionalmadrid.com\/wp-content\/uploads\/2025\/07\/KIT-DIGITAL-1.png 780w, https:\/\/fotografiaprofesionalmadrid.com\/wp-content\/uploads\/2025\/07\/KIT-DIGITAL-1.png 360w\" sizes=\"auto, (max-width: 480px) 150px\" src=\"https:\/\/fotografiaprofesionalmadrid.com\/wp-content\/uploads\/2025\/07\/KIT-DIGITAL-1.png\" alt=\"\" class=\"uag-image-566\" width=\"1024\" height=\"66\" title=\"DIGITAL KIT\" role=\"img\"\/><\/figure><\/div>","protected":false},"excerpt":{"rendered":"<p>Our History Quality Photography in the Heart of Madrid Who We Are Our History Since 2015, we have grown in the [...]<\/p>","protected":false},"author":1,"featured_media":0,"parent":0,"menu_order":0,"comment_status":"closed","ping_status":"closed","template":"","meta":{"_uag_custom_page_level_css":"","site-sidebar-layout":"default","site-content-layout":"","ast-site-content-layout":"default","site-content-style":"default","site-sidebar-style":"default","ast-global-header-display":"","ast-banner-title-visibility":"","ast-main-header-display":"","ast-hfb-above-header-display":"","ast-hfb-below-header-display":"","ast-hfb-mobile-header-display":"","site-post-title":"disabled","ast-breadcrumbs-content":"","ast-featured-img":"","footer-sml-layout":"","theme-transparent-header-meta":"","adv-header-id-meta":"","stick-header-meta":"","header-above-stick-meta":"","header-main-stick-meta":"","header-below-stick-meta":"","astra-migrate-meta-layouts":"default","ast-page-background-enabled":"default","ast-page-background-meta":{"desktop":{"background-color":"var(--ast-global-color-4)","background-image":"","background-repeat":"repeat","background-position":"center center","background-size":"auto","background-attachment":"scroll","background-type":"","background-media":"","overlay-type":"","overlay-color":"","overlay-opacity":"","overlay-gradient":""},"tablet":{"background-color":"","background-image":"","background-repeat":"repeat","background-position":"center center","background-size":"auto","background-attachment":"scroll","background-type":"","background-media":"","overlay-type":"","overlay-color":"","overlay-opacity":"","overlay-gradient":""},"mobile":{"background-color":"","background-image":"","background-repeat":"repeat","background-position":"center center","background-size":"auto","background-attachment":"scroll","background-type":"","background-media":"","overlay-type":"","overlay-color":"","overlay-opacity":"","overlay-gradient":""}},"ast-content-background-meta":{"desktop":{"background-color":"var(--ast-global-color-5)","background-image":"","background-repeat":"repeat","background-position":"center center","background-size":"auto","background-attachment":"scroll","background-type":"","background-media":"","overlay-type":"","overlay-color":"","overlay-opacity":"","overlay-gradient":""},"tablet":{"background-color":"var(--ast-global-color-5)","background-image":"","background-repeat":"repeat","background-position":"center center","background-size":"auto","background-attachment":"scroll","background-type":"","background-media":"","overlay-type":"","overlay-color":"","overlay-opacity":"","overlay-gradient":""},"mobile":{"background-color":"var(--ast-global-color-5)","background-image":"","background-repeat":"repeat","background-position":"center center","background-size":"auto","background-attachment":"scroll","background-type":"","background-media":"","overlay-type":"","overlay-color":"","overlay-opacity":"","overlay-gradient":""}},"footnotes":""},"class_list":["post-307","page","type-page","status-publish","hentry"],"yoast_head":"<!-- This site is optimized with the Yoast SEO plugin v26.1.1 - https:\/\/yoast.com\/wordpress\/plugins\/seo\/ -->\n<title>About - Fotograf\u00eda Profesional Madrid<\/title>\n<meta name=\"robots\" content=\"index, follow, max-snippet:-1, max-image-preview:large, max-video-preview:-1\" \/>\n<link rel=\"canonical\" href=\"https:\/\/fotografiaprofesionalmadrid.com\/en\/about\/\" \/>\n<meta property=\"og:locale\" content=\"en_US\" \/>\n<meta property=\"og:type\" content=\"article\" \/>\n<meta property=\"og:title\" content=\"About - Fotograf\u00eda Profesional Madrid\" \/>\n<meta property=\"og:description\" content=\"Nuestra Historia Fotograf\u00eda de Calidad en el Coraz\u00f3n de Madrid Qui\u00e9nes Somos Nuestra Historia Desde 2015, hemos crecido en el [&hellip;]\" \/>\n<meta property=\"og:url\" content=\"https:\/\/fotografiaprofesionalmadrid.com\/en\/about\/\" \/>\n<meta property=\"og:site_name\" content=\"Fotograf\u00eda Profesional Madrid\" \/>\n<meta property=\"article:modified_time\" content=\"2025-07-02T15:20:11+00:00\" \/>\n<meta property=\"og:image\" content=\"https:\/\/fotografiaprofesionalmadrid.com\/wp-content\/uploads\/2025\/07\/pexels-photo-7327123.jpeg\" \/>\n<meta name=\"twitter:card\" content=\"summary_large_image\" \/>\n<meta name=\"twitter:label1\" content=\"Est. reading time\" \/>\n\t<meta name=\"twitter:data1\" content=\"2 minutes\" \/>\n<script type=\"application\/ld+json\" class=\"yoast-schema-graph\">{\"@context\":\"https:\/\/schema.org\",\"@graph\":[{\"@type\":\"WebPage\",\"@id\":\"https:\/\/fotografiaprofesionalmadrid.com\/en\/about\/\",\"url\":\"https:\/\/fotografiaprofesionalmadrid.com\/en\/about\/\",\"name\":\"About - Fotograf\u00eda Profesional Madrid\",\"isPartOf\":{\"@id\":\"https:\/\/fotografiaprofesionalmadrid.com\/#website\"},\"primaryImageOfPage\":{\"@id\":\"https:\/\/fotografiaprofesionalmadrid.com\/en\/about\/#primaryimage\"},\"image\":{\"@id\":\"https:\/\/fotografiaprofesionalmadrid.com\/en\/about\/#primaryimage\"},\"thumbnailUrl\":\"https:\/\/fotografiaprofesionalmadrid.com\/wp-content\/uploads\/2025\/07\/pexels-photo-7327123.jpeg\",\"datePublished\":\"2025-07-02T15:17:52+00:00\",\"dateModified\":\"2025-07-02T15:20:11+00:00\",\"breadcrumb\":{\"@id\":\"https:\/\/fotografiaprofesionalmadrid.com\/en\/about\/#breadcrumb\"},\"inLanguage\":\"en-US\",\"potentialAction\":[{\"@type\":\"ReadAction\",\"target\":[\"https:\/\/fotografiaprofesionalmadrid.com\/en\/about\/\"]}]},{\"@type\":\"ImageObject\",\"inLanguage\":\"en-US\",\"@id\":\"https:\/\/fotografiaprofesionalmadrid.com\/en\/about\/#primaryimage\",\"url\":\"https:\/\/fotografiaprofesionalmadrid.com\/wp-content\/uploads\/2025\/07\/pexels-photo-7327123.jpeg\",\"contentUrl\":\"https:\/\/fotografiaprofesionalmadrid.com\/wp-content\/uploads\/2025\/07\/pexels-photo-7327123.jpeg\"},{\"@type\":\"BreadcrumbList\",\"@id\":\"https:\/\/fotografiaprofesionalmadrid.com\/en\/about\/#breadcrumb\",\"itemListElement\":[{\"@type\":\"ListItem\",\"position\":1,\"name\":\"Portada\",\"item\":\"https:\/\/fotografiaprofesionalmadrid.com\/\"},{\"@type\":\"ListItem\",\"position\":2,\"name\":\"About\"}]},{\"@type\":\"WebSite\",\"@id\":\"https:\/\/fotografiaprofesionalmadrid.com\/#website\",\"url\":\"https:\/\/fotografiaprofesionalmadrid.com\/\",\"name\":\"Fotograf\u00eda Profesional Madrid\",\"description\":\"\",\"potentialAction\":[{\"@type\":\"SearchAction\",\"target\":{\"@type\":\"EntryPoint\",\"urlTemplate\":\"https:\/\/fotografiaprofesionalmadrid.com\/?s={search_term_string}\"},\"query-input\":{\"@type\":\"PropertyValueSpecification\",\"valueRequired\":true,\"valueName\":\"search_term_string\"}}],\"inLanguage\":\"en-US\"}]}<\/script>\n<!-- \/ Yoast SEO plugin. -->","yoast_head_json":{"title":"About - Fotograf\u00eda Profesional Madrid","robots":{"index":"index","follow":"follow","max-snippet":"max-snippet:-1","max-image-preview":"max-image-preview:large","max-video-preview":"max-video-preview:-1"},"canonical":"https:\/\/fotografiaprofesionalmadrid.com\/en\/about\/","og_locale":"en_US","og_type":"article","og_title":"About - Fotograf\u00eda Profesional Madrid","og_description":"Nuestra Historia Fotograf\u00eda de Calidad en el Coraz\u00f3n de Madrid Qui\u00e9nes Somos Nuestra Historia Desde 2015, hemos crecido en el [&hellip;]","og_url":"https:\/\/fotografiaprofesionalmadrid.com\/en\/about\/","og_site_name":"Fotograf\u00eda Profesional Madrid","article_modified_time":"2025-07-02T15:20:11+00:00","og_image":[{"url":"https:\/\/fotografiaprofesionalmadrid.com\/wp-content\/uploads\/2025\/07\/pexels-photo-7327123.jpeg","type":"","width":"","height":""}],"twitter_card":"summary_large_image","twitter_misc":{"Est. reading time":"2 minutes"},"schema":{"@context":"https:\/\/schema.org","@graph":[{"@type":"WebPage","@id":"https:\/\/fotografiaprofesionalmadrid.com\/en\/about\/","url":"https:\/\/fotografiaprofesionalmadrid.com\/en\/about\/","name":"About - Fotograf\u00eda Profesional Madrid","isPartOf":{"@id":"https:\/\/fotografiaprofesionalmadrid.com\/#website"},"primaryImageOfPage":{"@id":"https:\/\/fotografiaprofesionalmadrid.com\/en\/about\/#primaryimage"},"image":{"@id":"https:\/\/fotografiaprofesionalmadrid.com\/en\/about\/#primaryimage"},"thumbnailUrl":"https:\/\/fotografiaprofesionalmadrid.com\/wp-content\/uploads\/2025\/07\/pexels-photo-7327123.jpeg","datePublished":"2025-07-02T15:17:52+00:00","dateModified":"2025-07-02T15:20:11+00:00","breadcrumb":{"@id":"https:\/\/fotografiaprofesionalmadrid.com\/en\/about\/#breadcrumb"},"inLanguage":"en-US","potentialAction":[{"@type":"ReadAction","target":["https:\/\/fotografiaprofesionalmadrid.com\/en\/about\/"]}]},{"@type":"ImageObject","inLanguage":"en-US","@id":"https:\/\/fotografiaprofesionalmadrid.com\/en\/about\/#primaryimage","url":"https:\/\/fotografiaprofesionalmadrid.com\/wp-content\/uploads\/2025\/07\/pexels-photo-7327123.jpeg","contentUrl":"https:\/\/fotografiaprofesionalmadrid.com\/wp-content\/uploads\/2025\/07\/pexels-photo-7327123.jpeg"},{"@type":"BreadcrumbList","@id":"https:\/\/fotografiaprofesionalmadrid.com\/en\/about\/#breadcrumb","itemListElement":[{"@type":"ListItem","position":1,"name":"Portada","item":"https:\/\/fotografiaprofesionalmadrid.com\/"},{"@type":"ListItem","position":2,"name":"About"}]},{"@type":"WebSite","@id":"https:\/\/fotografiaprofesionalmadrid.com\/#website","url":"https:\/\/fotografiaprofesionalmadrid.com\/","name":"Professional Photography Madrid","description":"","potentialAction":[{"@type":"SearchAction","target":{"@type":"EntryPoint","urlTemplate":"https:\/\/fotografiaprofesionalmadrid.com\/?s={search_term_string}"},"query-input":{"@type":"PropertyValueSpecification","valueRequired":true,"valueName":"search_term_string"}}],"inLanguage":"en-US"}]}},"uagb_featured_image_src":{"full":false,"thumbnail":false,"medium":false,"medium_large":false,"large":false,"1536x1536":false,"2048x2048":false,"trp-custom-language-flag":false},"uagb_author_info":{"display_name":"Paula Galindo Valle 71664907N","author_link":"https:\/\/fotografiaprofesionalmadrid.com\/en\/author\/gestionbiskitagencia-com\/"},"uagb_comment_info":0,"uagb_excerpt":"Nuestra Historia Fotograf\u00eda de Calidad en el Coraz\u00f3n de Madrid Qui\u00e9nes Somos Nuestra Historia Desde 2015, hemos crecido en el [&hellip;]","_links":{"self":[{"href":"https:\/\/fotografiaprofesionalmadrid.com\/en\/wp-json\/wp\/v2\/pages\/307","targetHints":{"allow":["GET"]}}],"collection":[{"href":"https:\/\/fotografiaprofesionalmadrid.com\/en\/wp-json\/wp\/v2\/pages"}],"about":[{"href":"https:\/\/fotografiaprofesionalmadrid.com\/en\/wp-json\/wp\/v2\/types\/page"}],"author":[{"embeddable":true,"href":"https:\/\/fotografiaprofesionalmadrid.com\/en\/wp-json\/wp\/v2\/users\/1"}],"replies":[{"embeddable":true,"href":"https:\/\/fotografiaprofesionalmadrid.com\/en\/wp-json\/wp\/v2\/comments?post=307"}],"version-history":[{"count":4,"href":"https:\/\/fotografiaprofesionalmadrid.com\/en\/wp-json\/wp\/v2\/pages\/307\/revisions"}],"predecessor-version":[{"id":567,"href":"https:\/\/fotografiaprofesionalmadrid.com\/en\/wp-json\/wp\/v2\/pages\/307\/revisions\/567"}],"wp:attachment":[{"href":"https:\/\/fotografiaprofesionalmadrid.com\/en\/wp-json\/wp\/v2\/media?parent=307"}],"curies":[{"name":"wp","href":"https:\/\/api.w.org\/{rel}","templated":true}]}}